{"id":6233,"date":"2024-09-25T19:22:43","date_gmt":"2024-09-25T18:22:43","guid":{"rendered":"https:\/\/radiologie-pfaffenberger.de\/produkte\/?post_type=product&#038;p=6233"},"modified":"2025-05-02T10:12:51","modified_gmt":"2025-05-02T09:12:51","slug":"nuvialab-meno","status":"publish","type":"product","link":"https:\/\/radiologie-pfaffenberger.de\/produkte\/nuvialab-meno\/","title":{"rendered":"NuviaLab Meno"},"content":{"rendered":"\n<h2 class=\"wp-block-heading\">Was ist NuviaLab Meno und wie funktioniert es?<\/h2>\n\n\n\n<p><b>NuviaLab Meno<\/b> ist ein Nahrungserg\u00e4nzungsmittel, das speziell f\u00fcr Frauen in den Wechseljahren entwickelt wurde. Die <em>Wirkung von NuviaLab Meno<\/em> konzentriert sich auf die Linderung von Symptomen wie Hitzewallungen, Stimmungsschwankungen und Schlafproblemen. Das Produkt verwendet <em>nat\u00fcrliche Inhaltsstoffe<\/em> zur Unterst\u00fctzung des hormonellen Gleichgewichts und des allgemeinen Wohlbefindens.<\/p>\n\n\n\n<p>Die Formulierung von NuviaLab Meno enth\u00e4lt <em>Wirkstoffe<\/em> wie Kornblumenextrakt, Ginseng und Tomaten, die eine wichtige Rolle bei der Linderung von Wechseljahrsbeschwerden spielen. Die regelm\u00e4\u00dfige <b>Einnahme<\/b> dieser <em>nat\u00fcrlichen Inhaltsstoffe<\/em> tr\u00e4gt zu einer verbesserten Lebensqualit\u00e4t f\u00fcr Frauen in den Wechseljahren bei.<\/p>\n\n\n\n<p>Studien und positive <b>R\u00fcckmeldungen von<\/b> Anwenderinnen best\u00e4tigen die Wirksamkeit des Pr\u00e4parats und machen es zu einer wertvollen Unterst\u00fctzung w\u00e4hrend des schwierigen \u00dcbergangs in die Wechseljahre.<\/p>\n\n\n\n<h2 class=\"wp-block-heading\">Vorteile von NuviaLab Meno &#8211; Wirkungen<\/h2>\n\n\n\n<p><b>Die Anwendung von<\/b> NuviaLab Meno hat zahlreiche <b>Vorteile<\/b>, die die Lebensqualit\u00e4t von Frauen in den Wechseljahren deutlich verbessern k\u00f6nnen. Viele bemerken eine deutliche Erleichterung in den Wechseljahren, einschlie\u00dflich der Linderung von Hitzewallungen und \u00fcberm\u00e4\u00dfigem Schwitzen. Diese <b>Wirkungen des<\/b> Nahrungserg\u00e4nzungsmittels machen das t\u00e4gliche Leben einfacher und angenehmer.<\/p>\n\n\n\n<p>Die regelm\u00e4\u00dfige Einnahme von NuviaLab Meno tr\u00e4gt zu einer verbesserten Stimmung, einer besseren Schlafqualit\u00e4t und einer Verringerung des Gef\u00fchls von M\u00fcdigkeit und Reizbarkeit bei. Viele Frauen, die sich f\u00fcr die Einnahme von NuviaLab Meno entschieden haben, bemerken eine Steigerung der Energie und der Lust auf die t\u00e4glichen Aktivit\u00e4ten. <b>Die nat\u00fcrlichen Inhaltsstoffe<\/b> in NuviaLab Meno, wie Bockshornkleesamen- und Wiesenklee-Extrakt, unterst\u00fctzen das hormonelle Gleichgewicht und tragen zu einer allgemeinen Verbesserung der Gesundheit bei.<\/p>\n\n\n\n<p>Die Wirkung von NuviaLab Meno auf die Knochengesundheit ist dank seines Gehalts an Vitamin D und anderen Mineralien nicht zu \u00fcbersehen. Frauen in den Wechseljahren, die von diesem Nahrungserg\u00e4nzungsmittel profitiert haben, betonen h\u00e4ufig eine deutliche Verbesserung ihres Wohlbefindens und eine Verringerung der wahrgenommenen Symptome der Wechseljahre. <b>Die Wirkung<\/b> ist bereits wenige Wochen nach Beginn der Einnahme sp\u00fcrbar, was NuviaLab Meno zu einer der beliebtesten Optionen f\u00fcr Frauen in dieser Lebensphase macht.<\/p>\n\n\n\n<h2 class=\"wp-block-heading\">Wie wird NuviaLab Meno angewendet? &#8211; Dosierung und Empfehlungen<\/h2>\n\n\n\n<p>NuviaLab Meno ist ein Nahrungserg\u00e4nzungsmittel f\u00fcr Frauen in den Wechseljahren zur Unterst\u00fctzung ihrer Gesundheit und ihres Wohlbefindens. Die empfohlene <b>Dosierung von NuviaLab Meno<\/b> ist eine oder zwei Kapseln pro Tag. Optimalerweise sollte die Einnahme mit einer Mahlzeit und einem Glas Wasser erfolgen. Eine regelm\u00e4\u00dfige <b>Einnahme<\/b>, am besten jeden Tag zur gleichen Zeit, erh\u00f6ht die Chancen auf eine effektive Aufnahme der Wirkstoffe.<\/p>\n\n\n\n<p>Es ist wichtig, die Packungsbeilage des Nahrungserg\u00e4nzungsmittels vor Beginn der Einnahme zu lesen. Sie enth\u00e4lt wichtige Informationen \u00fcber Dosierung und Kontraindikationen. <b>Die Dosierung von NuviaLab Meno<\/b> sollte streng eingehalten werden, um die Wirkung und den <b>Nutzen<\/b> der Einnahme zu maximieren.<\/p>\n\n\n\n<figure class=\"wp-block-table\"><table class=\"has-fixed-layout\"><tbody><tr><th>Zweck der Anwendung<\/th><th>Empfohlene Dosis<\/th><th>Form des Empfangs<\/th><\/tr><tr><td>Linderung der Symptome der Menopause<\/td><td>1-2 Kapseln t\u00e4glich<\/td><td>W\u00e4hrend der Mahlzeit, mit Wasser getrunken<\/td><\/tr><\/tbody><\/table><\/figure>\n\n\n\n<p>Denken Sie daran, die empfohlene Dosis nicht zu \u00fcberschreiten und die Reaktion Ihres K\u00f6rpers auf die Erg\u00e4nzung zu beobachten. Beim Auftreten von unerw\u00fcnschten Wirkungen wird empfohlen, die Einnahme abzubrechen und Ihren Arzt zu konsultieren. NuviaLab Meno ist eine Unterst\u00fctzung, die Ihnen hilft, die Wechseljahre zu \u00fcberstehen, und die richtige Dosierung und <b>Empfehlungen<\/b> sind der Schl\u00fcssel, um die gew\u00fcnschten Ergebnisse zu erzielen.<\/p>\n\n\n\n<h2 class=\"wp-block-heading\">NuviaLab Meno &#8211; Meinungen und Bewertungen &#8211; Was sagen die Benutzer?<\/h2>\n\n\n\n<p>NuviaLab Meno erfreut sich zunehmender Beliebtheit bei Frauen, die sich in den Wechseljahren befinden. Das <b>Feedback der Anwenderinnen<\/b> ist \u00fcberw\u00e4ltigend positiv, wie die zahlreichen <b>Bewertungen<\/b> dieses Nahrungserg\u00e4nzungsmittels zeigen. Die Nutzerinnen weisen darauf hin, dass es Wechseljahrsbeschwerden wie Hitzewallungen und Schlafprobleme lindert. Im <b>Forum<\/b> finden Sie <b>Bewertungen<\/b>, in denen Frauen ihre Erfahrungen mit der verbesserten Lebensqualit\u00e4t mitteilen.<\/p>\n\n\n\n<p>Viele von ihnen bemerken eine Verbesserung ihrer Stimmung und eine Stabilisierung ihrer Laune. Anna, eine Anwenderin, hebt eine deutliche Verbesserung der Konzentration und eine Verringerung der Angstsymptome hervor. Solche pers\u00f6nlichen Erfahrungsberichte best\u00e4tigen nur, dass NuviaLab Meno ein sehr gesch\u00e4tztes Produkt ist. In Verbraucherumfragen fallen bis zu 95 % der Bewertungen positiv aus, was auf die hohe Qualit\u00e4t des Erg\u00e4nzungsmittels hindeutet.<\/p>\n\n\n\n<p>Im Zusammenhang mit den Wechseljahren wird die regelm\u00e4\u00dfige Einnahme von NuviaLab Meno insbesondere zur Linderung von k\u00f6rperlichen und psychosozialen Beschwerden empfohlen. Anwenderinnen loben die <b>nat\u00fcrlichen Inhaltsstoffe<\/b>, die helfen, die Auswirkungen der Wechseljahre auf das t\u00e4gliche Funktionieren zu reduzieren.<\/p>\n\n\n\n<h2 class=\"wp-block-heading\">NuviaLab Meno &#8211; Zusammensetzung &#8211; Was enth\u00e4lt es?<\/h2>\n\n\n\n<p>NuviaLab Meno ist ein Nahrungserg\u00e4nzungsmittel, das neun sorgf\u00e4ltig ausgew\u00e4hlte Inhaltsstoffe kombiniert. Jeder dieser Inhaltsstoffe hat seine eigenen einzigartigen Eigenschaften, um den K\u00f6rper in den Wechseljahren zu unterst\u00fctzen. Die <b>Inhaltsstoffe<\/b> in <b>NuviaLab Meno<\/b> umfassen:<\/p>\n\n\n\n<ul class=\"wp-block-list\">\n<li><em>Libifem<\/em> &#8211; ein nat\u00fcrlicher Inhaltsstoff, der das hormonelle Gleichgewicht unterst\u00fctzt.<\/li>\n\n\n\n<li><em>Luprenol<\/em> &#8211; hilft bei der Linderung von Wechseljahrsbeschwerden.<\/li>\n\n\n\n<li><em>Wiesenkleeblatt-Extrakt<\/em> &#8211; reguliert die Hormone, was zur Stabilisierung der Stimmung beitr\u00e4gt.<\/li>\n\n\n\n<li><em>Vitamin E<\/em> &#8211; wirkt als Antioxidans und unterst\u00fctzt die Gesundheit der Haut.<\/li>\n\n\n\n<li><em>Alfalfa-Extrakt<\/em> &#8211; enth\u00e4lt zahlreiche Wirkstoffe, die f\u00fcr die Gesundheit der Frau von Vorteil sind.<\/li>\n\n\n\n<li><em>Vitamin B6<\/em> &#8211; wichtig f\u00fcr die hormonelle Regulierung und ein besseres Wohlbefinden.<\/li>\n\n\n\n<li><em>Rhabarberwurzel-Extrakt<\/em> &#8211; unterst\u00fctzt den K\u00f6rper bei Hitzewallungen.<\/li>\n\n\n\n<li><em>Fols\u00e4ure<\/em> &#8211; wichtig f\u00fcr die allgemeine Gesundheit von Frauen.<\/li>\n\n\n\n<li><em>Vitamin D<\/em> &#8211; unterst\u00fctzt die Knochengesundheit und die hormonelle Funktion.<\/li>\n<\/ul>\n\n\n\n<p>Diese <em>nat\u00fcrlichen Inhaltsstoffe<\/em> wirken effektiv zusammen, um die unangenehmen Symptome der Wechseljahre, wie Hitzewallungen und Stimmungsschwankungen, zu lindern. Die Wirkung der Wirkstoffe wurde durch verschiedene Studien best\u00e4tigt und macht NuviaLab Meno zu einer umfassenden Unterst\u00fctzung in dieser schwierigen Phase im Leben jeder Frau.<\/p>\n\n\n\n<h2 class=\"wp-block-heading\">Wo kann ich NuviaLab Meno kaufen und wie hoch ist der Preis von NuviaLab Meno?<\/h2>\n\n\n\n<p>Wenn Sie NuviaLab Meno auf der Website des Herstellers kaufen, k\u00f6nnen Sie sicher sein, dass Sie das Originalprodukt zum besten Preis erhalten. Au\u00dferdem kann der Preis dank attraktiver Werbeaktionen um bis zu 50% reduziert werden.<\/p>\n\n\n\n<p>Suchen Sie nicht nach NuviaLab Meno in Apotheken, Drogerien oder E-Commerce-Plattformen. Das Produkt ist nur auf der offiziellen Website des Herstellers erh\u00e4ltlich, wodurch die h\u00f6chste Qualit\u00e4t und Sicherheit der Transaktion gew\u00e4hrleistet ist.<\/p>\n\n\n\n<p>Die Inanspruchnahme des <em>offiziellen<\/em> Angebots <em>des Herstellers<\/em> bietet eine Garantie f\u00fcr die Qualit\u00e4t und Originalit\u00e4t des Produkts, was f\u00fcr jede Kundin, die in der schwierigen Zeit der Wechseljahre auf ihre Gesundheit achtet, wichtig ist.<\/p>\n\n\n\n<h2 class=\"wp-block-heading\">NuviaLab Meno &#8211; M\u00f6gliche Nebenwirkungen und Kontraindikationen f\u00fcr die Anwendung<\/h2>\n\n\n\n<p>NuviaLab Meno ist ein Produkt, das aufgrund seiner nat\u00fcrlichen Inhaltsstoffe ein <strong>geringes Risiko von Nebenwirkungen<\/strong> aufweist. Dennoch sollte man, wie bei jedem Erg\u00e4nzungsmittel, auf m\u00f6gliche Reaktionen des K\u00f6rpers achten. Zu den <b>Nebenwirkungen<\/b> k\u00f6nnen Magen-Darm-Beschwerden und allergische Reaktionen geh\u00f6ren, vor allem bei Personen mit einer Unvertr\u00e4glichkeit gegen\u00fcber einem der Inhaltsstoffe der Formel.<\/p>\n\n\n\n<p>Bevor Sie mit der Einnahme von NuviaLab Meno beginnen, sollten Sie unbedingt Ihren Arzt konsultieren. Dies ist besonders wichtig f\u00fcr Frauen mit bestehenden medizinischen Bedingungen. <b>Kontraindikationen<\/b> f\u00fcr die Verwendung sind allergische Reaktionen oder andere gesundheitliche Probleme, die die <strong>Sicherheit der<\/strong> Erg\u00e4nzung beeinflussen k\u00f6nnen.<\/p>\n\n\n\n<p>Um m\u00f6gliche Komplikationen zu vermeiden, ist es wichtig, dass Sie Ihren K\u00f6rper w\u00e4hrend der Einnahme \u00fcberwachen und auf ungew\u00f6hnliche Symptome achten. Ihre Sicherheit zu gew\u00e4hrleisten und m\u00f6gliche Kontraindikationen zu verstehen, kann die positive <b>Wirkung von<\/b> NuviaLab Meno erheblich beeinflussen.<\/p>\n","protected":false},"excerpt":{"rendered":"<p><strong>[date_countdown]<\/strong><\/p>\n","protected":false},"featured_media":6234,"comment_status":"open","ping_status":"closed","template":"","meta":{"neve_meta_sidebar":"","neve_meta_container":"","neve_meta_enable_content_width":"","neve_meta_content_width":0,"neve_meta_title_alignment":"","neve_meta_author_avatar":"","neve_post_elements_order":"","neve_meta_disable_header":"","neve_meta_disable_footer":"","neve_meta_disable_title":"","neve_meta_reading_time":""},"product_brand":[],"product_cat":[21],"product_tag":[],"class_list":{"0":"post-6233","1":"product","2":"type-product","3":"status-publish","4":"has-post-thumbnail","6":"product_cat-gesundheit","8":"first","9":"instock","10":"sale","11":"shipping-taxable","12":"product-type-external"},"_links":{"self":[{"href":"https:\/\/radiologie-pfaffenberger.de\/produkte\/wp-json\/wp\/v2\/product\/6233","targetHints":{"allow":["GET"]}}],"collection":[{"href":"https:\/\/radiologie-pfaffenberger.de\/produkte\/wp-json\/wp\/v2\/product"}],"about":[{"href":"https:\/\/radiologie-pfaffenberger.de\/produkte\/wp-json\/wp\/v2\/types\/product"}],"replies":[{"embeddable":true,"href":"https:\/\/radiologie-pfaffenberger.de\/produkte\/wp-json\/wp\/v2\/comments?post=6233"}],"wp:featuredmedia":[{"embeddable":true,"href":"https:\/\/radiologie-pfaffenberger.de\/produkte\/wp-json\/wp\/v2\/media\/6234"}],"wp:attachment":[{"href":"https:\/\/radiologie-pfaffenberger.de\/produkte\/wp-json\/wp\/v2\/media?parent=6233"}],"wp:term":[{"taxonomy":"product_brand","embeddable":true,"href":"https:\/\/radiologie-pfaffenberger.de\/produkte\/wp-json\/wp\/v2\/product_brand?post=6233"},{"taxonomy":"product_cat","embeddable":true,"href":"https:\/\/radiologie-pfaffenberger.de\/produkte\/wp-json\/wp\/v2\/product_cat?post=6233"},{"taxonomy":"product_tag","embeddable":true,"href":"https:\/\/radiologie-pfaffenberger.de\/produkte\/wp-json\/wp\/v2\/product_tag?post=6233"}],"curies":[{"name":"wp","href":"https:\/\/api.w.org\/{rel}","templated":true}]}}